


























{"id":8473,"date":"2023-07-11T03:47:16","date_gmt":"2023-07-11T01:47:16","guid":{"rendered":"https:\/\/elsecretodealba.com\/?page_id=8473"},"modified":"2023-07-12T19:49:34","modified_gmt":"2023-07-12T17:49:34","slug":"reservas","status":"publish","type":"page","link":"https:\/\/elsecretodealba.com\/?page_id=8473","title":{"rendered":"Reservas"},"content":{"rendered":"\n<h2 class=\"wp-block-heading\">\u00a1Planifique su cita con antelaci\u00f3n!<\/h2>\n\n\n\n<p>Reserve una Escort 5 Estrellas en Madrid. Le animamos a programar su cita con la Escort de su elecci\u00f3n con la mayor antelaci\u00f3n posible para asegurar la disponibilidad de su acompa\u00f1ante ideal en un momento conveniente para usted. Preferimos una antelaci\u00f3n m\u00ednima de un d\u00eda para citas largas y de dos horas  para todas las citas en el d\u00eda.<\/p>\n\n\n\n<p>Estamos siempre a su disposici\u00f3n para ayudarle y guiarle en el proceso de selecci\u00f3n.<\/p>\n\n\n\n<p>Si desea organizar una reserva para pasar la noche, despedidas de soltero o cualquier otro evento, ll\u00e1menos, o mandanos un MAIL ya que esto s\u00f3lo se puede organizar por tel\u00e9fono.<\/p>\n\n\n\n<p>Le responderemos con un correo electr\u00f3nico o por tel\u00e9fono para confirmar su reserva. Si tiene alg\u00fan comentario o sugerencia, utilice la p\u00e1gina de contacto.<\/p>\n\n\n\n<div class=\"wp-block-contact-form-7-contact-form-selector\">\n<div class=\"wpcf7 no-js\" id=\"wpcf7-f7740-o1\" lang=\"en-US\" dir=\"ltr\" data-wpcf7-id=\"7740\">\n<div class=\"screen-reader-response\"><p role=\"status\" aria-live=\"polite\" aria-atomic=\"true\"><\/p> <ul><\/ul><\/div>\n<form action=\"\/index.php?rest_route=%2Fwp%2Fv2%2Fpages%2F8473#wpcf7-f7740-o1\" method=\"post\" class=\"wpcf7-form init\" aria-label=\"Contact form\" novalidate=\"novalidate\" data-status=\"init\">\n<fieldset class=\"hidden-fields-container\"><input type=\"hidden\" name=\"_wpcf7\" value=\"7740\" \/><input type=\"hidden\" name=\"_wpcf7_version\" value=\"6.1.3\" \/><input type=\"hidden\" name=\"_wpcf7_locale\" value=\"en_US\" \/><input type=\"hidden\" name=\"_wpcf7_unit_tag\" value=\"wpcf7-f7740-o1\" \/><input type=\"hidden\" name=\"_wpcf7_container_post\" value=\"0\" \/><input type=\"hidden\" name=\"_wpcf7_posted_data_hash\" value=\"\" \/>\n<\/fieldset>\n<div class=\"form booking-form\">\n\t<div class=\"form-box\">\n\t\t<div class=\"row\">\n\t\t\t<h2>Reservas\n\t\t\t<\/h2>\n\t\t\t<div class=\"col-md-6\">\n\t\t\t\t<h3>Elija una chica Escort\n\t\t\t\t<\/h3>\n\t\t\t\t<p><span class=\"wpcf7-form-control-wrap\" data-name=\"escorts\"><select class=\"wpcf7-form-control wpcf7-select wpcf7-validates-as-required form-select\" aria-required=\"true\" aria-invalid=\"false\" name=\"escorts\"><option value=\"\">&#8212;Please choose an option&#8212;<\/option><option value=\"ALISON\">ALISON<\/option><option value=\"ANG\u00c9LICA\">ANG\u00c9LICA<\/option><option value=\"BELLA\">BELLA<\/option><option value=\"CRISTEL\">CRISTEL<\/option><option value=\"DANI\">DANI<\/option><option value=\"DOMI\">DOMI<\/option><option value=\"PAULA\">PAULA<\/option><option value=\"ROCIO\">ROCIO<\/option><option value=\"SARAY\">SARAY<\/option><\/select><\/span>\n\t\t\t\t<\/p>\n\t\t\t\t<h3>ENTRE LOS DETALLES DE SU RESERVA\n\t\t\t\t<\/h3>\n\t\t\t\t<div class=\"bookingcol\">\n\t\t\t\t\t<p><span class=\"wpcf7-form-control-wrap\" data-name=\"your-name\"><input size=\"40\" maxlength=\"400\" class=\"wpcf7-form-control wpcf7-text wpcf7-validates-as-required\" autocomplete=\"name\" aria-required=\"true\" aria-invalid=\"false\" placeholder=\"Nombre\" value=\"\" type=\"text\" name=\"your-name\" \/><\/span>\n\t\t\t\t\t<\/p>\n\t\t\t\t\t<p><span class=\"wpcf7-form-control-wrap\" data-name=\"your-email\"><input size=\"40\" maxlength=\"400\" class=\"wpcf7-form-control wpcf7-email wpcf7-validates-as-required wpcf7-text wpcf7-validates-as-email\" autocomplete=\"email\" aria-required=\"true\" aria-invalid=\"false\" placeholder=\"Su email\" value=\"\" type=\"email\" name=\"your-email\" \/><\/span>\n\t\t\t\t\t<\/p>\n\t\t\t\t<\/div>\n\t\t\t\t<div class=\"bookingcol\">\n\t\t\t\t\t<p><span class=\"wpcf7-form-control-wrap\" data-name=\"booking-phone\"><input size=\"40\" maxlength=\"400\" class=\"wpcf7-form-control wpcf7-text wpcf7-validates-as-required\" id=\"appointment-phone\" aria-required=\"true\" aria-invalid=\"false\" placeholder=\"Su tel\u00e9fono\" value=\"\" type=\"text\" name=\"booking-phone\" \/><\/span>\n\t\t\t\t\t<\/p>\n\t\t\t\t\t<p><span class=\"wpcf7-form-control-wrap\" data-name=\"bookingdate\"><input size=\"40\" maxlength=\"400\" class=\"wpcf7-form-control wpcf7-text wpcf7-validates-as-required\" id=\"bookingdate\" aria-required=\"true\" aria-invalid=\"false\" placeholder=\"Dia\" value=\"\" type=\"text\" name=\"bookingdate\" \/><\/span>\n\t\t\t\t\t<\/p>\n\t\t\t\t<\/div>\n\t\t\t\t<div class=\"bookingcol\">\n\t\t\t\t\t<p><span class=\"wpcf7-form-control-wrap\" data-name=\"appointment-time\"><input size=\"40\" maxlength=\"400\" class=\"wpcf7-form-control wpcf7-text wpcf7-validates-as-required\" id=\"bookingtime\" aria-required=\"true\" aria-invalid=\"false\" placeholder=\"Hora de la cita\" value=\"\" type=\"text\" name=\"appointment-time\" \/><\/span>\n\t\t\t\t\t<\/p>\n\t\t\t\t\t<p><span class=\"wpcf7-form-control-wrap\" data-name=\"appointment-duration\"><input size=\"40\" maxlength=\"400\" class=\"wpcf7-form-control wpcf7-text wpcf7-validates-as-required\" id=\"bookingduration\" aria-required=\"true\" aria-invalid=\"false\" placeholder=\"Duraci\u00f3n de la cita\" value=\"\" type=\"text\" name=\"appointment-duration\" \/><\/span>\n\t\t\t\t\t<\/p>\n\t\t\t\t<\/div>\n\t\t\t<\/div>\n\t\t\t<div class=\"col-md-6\">\n\t\t\t\t<h3>Localizaci\u00f3n\n\t\t\t\t<\/h3>\n\t\t\t\t<p><span class=\"wpcf7-form-control-wrap\" data-name=\"appointment-location\"><textarea cols=\"40\" rows=\"10\" maxlength=\"2000\" class=\"wpcf7-form-control wpcf7-textarea wpcf7-validates-as-required\" id=\"bookinglocation\" aria-required=\"true\" aria-invalid=\"false\" placeholder=\"\u00bfDonde desea su cita ?\" name=\"appointment-location\"><\/textarea><\/span>\n\t\t\t\t<\/p>\n\t\t\t\t<h3>OBSERVACIONES Y PREFERENCIAS\n\t\t\t\t<\/h3>\n\t\t\t\t<p><span class=\"wpcf7-form-control-wrap\" data-name=\"appointment-notes\"><textarea cols=\"40\" rows=\"10\" maxlength=\"2000\" class=\"wpcf7-form-control wpcf7-textarea wpcf7-validates-as-required\" id=\"bookingnotes\" aria-required=\"true\" aria-invalid=\"false\" placeholder=\"Observaciones\" name=\"appointment-notes\"><\/textarea><\/span>\n\t\t\t\t<\/p>\n\t\t\t<\/div>\n\t\t\t<p><input class=\"wpcf7-form-control wpcf7-submit has-spinner booking-submit\" type=\"submit\" value=\"ENVIAR\" \/>\n\t\t\t<\/p>\n\t\t<\/div>\n\t<\/div>\n<\/div><div class=\"wpcf7-response-output\" aria-hidden=\"true\"><\/div>\n<\/form>\n<\/div>\n<\/div>\n","protected":false},"excerpt":{"rendered":"<p>\u00a1Planifique su cita con antelaci\u00f3n! Reserve una Escort 5 Estrellas en Madrid. Le animamos a programar su cita con la Escort de su elecci\u00f3n con la mayor antelaci\u00f3n posible para asegurar la disponibilidad de su acompa\u00f1ante ideal en un momento conveniente para usted. Preferimos una antelaci\u00f3n m\u00ednima de un d\u00eda para citas largas y de [&hellip;]<\/p>\n","protected":false},"author":2,"featured_media":8479,"parent":0,"menu_order":0,"comment_status":"closed","ping_status":"closed","template":"","meta":{"footnotes":""},"class_list":["post-8473","page","type-page","status-publish","has-post-thumbnail","hentry"],"acf":[],"_links":{"self":[{"href":"https:\/\/elsecretodealba.com\/index.php?rest_route=\/wp\/v2\/pages\/8473","targetHints":{"allow":["GET"]}}],"collection":[{"href":"https:\/\/elsecretodealba.com\/index.php?rest_route=\/wp\/v2\/pages"}],"about":[{"href":"https:\/\/elsecretodealba.com\/index.php?rest_route=\/wp\/v2\/types\/page"}],"author":[{"embeddable":true,"href":"https:\/\/elsecretodealba.com\/index.php?rest_route=\/wp\/v2\/users\/2"}],"replies":[{"embeddable":true,"href":"https:\/\/elsecretodealba.com\/index.php?rest_route=%2Fwp%2Fv2%2Fcomments&post=8473"}],"version-history":[{"count":9,"href":"https:\/\/elsecretodealba.com\/index.php?rest_route=\/wp\/v2\/pages\/8473\/revisions"}],"predecessor-version":[{"id":8632,"href":"https:\/\/elsecretodealba.com\/index.php?rest_route=\/wp\/v2\/pages\/8473\/revisions\/8632"}],"wp:featuredmedia":[{"embeddable":true,"href":"https:\/\/elsecretodealba.com\/index.php?rest_route=\/wp\/v2\/media\/8479"}],"wp:attachment":[{"href":"https:\/\/elsecretodealba.com\/index.php?rest_route=%2Fwp%2Fv2%2Fmedia&parent=8473"}],"curies":[{"name":"wp","href":"https:\/\/api.w.org\/{rel}","templated":true}]}}